{"id":24213,"date":"2022-10-12T13:06:37","date_gmt":"2022-10-12T13:06:37","guid":{"rendered":"https:\/\/villaalvor.deploys.live\/premios\/"},"modified":"2025-01-02T15:09:27","modified_gmt":"2025-01-02T15:09:27","slug":"awards","status":"publish","type":"page","link":"https:\/\/villaalvor.pt\/en\/awards\/","title":{"rendered":"Awards"},"content":{"rendered":"\t\t<div data-elementor-type=\"wp-page\" data-elementor-id=\"24213\" class=\"elementor elementor-24213 elementor-22702\">\n\t\t\t\t\t\t<section class=\"elementor-section-with-custom-width elementor-section elementor-top-section elementor-element elementor-element-74a5bae scheme_default elementor-section-stretched sc_bg_mask_8 elementor-section-boxed elementor-section-height-default elementor-section-height-default sc_fly_static\" data-id=\"74a5bae\" data-element_type=\"section\" data-settings=\"{&quot;background_background&quot;:&quot;classic&quot;,&quot;stretch_section&quot;:&quot;section-stretched&quot;}\">\n\t\t\t\t\t\t<div class=\"elementor-container elementor-column-gap-extended\">\n\t\t\t\t\t<div class=\"elementor-column elementor-col-100 elementor-top-column elementor-element elementor-element-8713971 sc_inner_width_none sc_content_align_inherit sc_layouts_column_icons_position_left sc_fly_static\" data-id=\"8713971\" data-element_type=\"column\">\n\t\t\t<div class=\"elementor-widget-wrap elementor-element-populated\">\n\t\t\t\t\t\t<div class=\"elementor-element elementor-element-ffd55c1 sc_fly_static elementor-widget elementor-widget-trx_sc_title\" data-id=\"ffd55c1\" data-element_type=\"widget\" data-widget_type=\"trx_sc_title.default\">\n\t\t\t\t<div class=\"elementor-widget-container\">\n\t\t\t\t\t<div\t\tclass=\"sc_title sc_title_default\" ><h1 class=\"sc_item_title sc_title_title sc_align_center sc_item_title_style_default sc_item_title_tag trx_addons_inline_1549773210\"\n\t\t\t><span class=\"sc_item_title_text\">Pr\u00e9mios<\/span><\/h1><\/div>\t\t\t\t<\/div>\n\t\t\t\t<\/div>\n\t\t\t\t<div class=\"elementor-element elementor-element-5525c65 sc_fly_static elementor-widget elementor-widget-text-editor\" data-id=\"5525c65\" data-element_type=\"widget\" data-widget_type=\"text-editor.default\">\n\t\t\t\t<div class=\"elementor-widget-container\">\n\t\t\t\t\t\t\t\t\tA distin\u00e7\u00e3o dos vinhos Villa Alvor em concursos nacionais e internacionais \u00e9 um reconhecimento da sua qualidade. \t\t\t\t\t\t\t\t<\/div>\n\t\t\t\t<\/div>\n\t\t\t\t\t<\/div>\n\t\t<\/div>\n\t\t\t\t\t<\/div>\n\t\t<\/section>\n\t\t\t\t<section class=\"elementor-section-with-custom-width elementor-section elementor-top-section elementor-element elementor-element-8e84b81 scheme_default elementor-section-stretched elementor-section-boxed elementor-section-height-default elementor-section-height-default sc_fly_static\" data-id=\"8e84b81\" data-element_type=\"section\" data-settings=\"{&quot;background_background&quot;:&quot;classic&quot;,&quot;stretch_section&quot;:&quot;section-stretched&quot;}\">\n\t\t\t\t\t\t<div class=\"elementor-container elementor-column-gap-default\">\n\t\t\t\t\t<div class=\"elementor-column elementor-col-100 elementor-top-column elementor-element elementor-element-052748d sc_inner_width_1_1 sc_content_align_center sc_layouts_column_icons_position_left sc_fly_static\" data-id=\"052748d\" data-element_type=\"column\">\n\t\t\t<div class=\"elementor-widget-wrap elementor-element-populated\">\n\t\t\t\t\t\t<div class=\"elementor-element elementor-element-8d2589a sc_fly_static elementor-widget elementor-widget-shortcode\" data-id=\"8d2589a\" data-element_type=\"widget\" data-widget_type=\"shortcode.default\">\n\t\t\t\t<div class=\"elementor-widget-container\">\n\t\t\t\t\t\t\t<div class=\"elementor-shortcode\">\n\t<div class=\"awards\">\n\t\t<div class=\"awards-filter\">\n\t\t\t<form action=\"\/wp-admin\/admin-ajax.php\" class=\"select-filter\" method=\"POST\" id=\"filterAwards\">\n\n\t\t\t\t<select class=\"filter-results\" name=\"wine_id\"><option value=\"\">Wines<\/option><option class=\"filter-item\" value=\"25611\">Villa Alvor Reserva White<\/option><option class=\"filter-item\" value=\"25610\">Villa Alvor Reserva Ros\u00e9<\/option><option class=\"filter-item\" value=\"25020\">Villa Alvor Singular Alicante Bouschet<\/option><option class=\"filter-item\" value=\"24521\">Villa Alvor Domus<\/option><option class=\"filter-item\" value=\"24514\">Villa Alvor Singular Negra Mole<\/option><option class=\"filter-item\" value=\"24509\">Villa Alvor Singular Moscatel Galego Roxo<\/option><option class=\"filter-item\" value=\"24503\">Villa Alvor Singular Sauvignon Blanc<\/option><option class=\"filter-item\" value=\"24281\">Villa Alvor Colheita White Wine<\/option><option class=\"filter-item\" value=\"24500\">Villa Alvor Colheita Ros\u00e9<\/option><option class=\"filter-item\" value=\"24285\">Villa Alvor Colheita Red Wine<\/option><\/select><select class=\"filter-results\" name=\"year\"><option value=\"\">Year<\/option><option class=\"filter-item\" value=\"2018\">2018<\/option><option class=\"filter-item\" value=\"2023\">2023<\/option><option class=\"filter-item\" value=\"2019\">2019<\/option><option class=\"filter-item\" value=\"2020\">2020<\/option><option class=\"filter-item\" value=\"2022\">2022<\/option><option class=\"filter-item\" value=\"2021\">2021<\/option><\/select>\t\t\t<\/form>\n\n\t\t\t<!-- JS SELECT2 -->\n\t\t\t<link href=\"https:\/\/cdn.jsdelivr.net\/npm\/select2@4.1.0-beta.1\/dist\/css\/select2.min.css\" rel=\"stylesheet\" \/>\n\t\t\t<script src=\"https:\/\/cdn.jsdelivr.net\/npm\/select2@4.1.0-beta.1\/dist\/js\/select2.min.js\"><\/script>\n\n\t\t\t<script>\n\t\t\t\tjQuery(document).ready(function() {\n\t\t\t\t\tjQuery(\".filter-results\").select2({\n\t\t\t\t\t\tminimumResultsForSearch: Infinity,\n\t\t\t\t\t});\n\t\t\t\t});\n\t\t\t<\/script>\n\t\t\t<!-- END JS SELECT2 -->\n\n\t\t\t<a\n\t\t\t\tclass=\"btn btn--outline-brown\"\n\t\t\t\thref=\"http:\/\/company.aveleda.pt\/\"\n\t\t\t\ttarget=\"_blank\">\n\t\t\t\tInstitutional\n\t\t\t\t<i class=\"icon icon-external\"><\/i>\n\t\t\t<\/a>\n\t\t<\/div>\n\n\t\t<div class=\"awards-grid\">\n\t\t\t<div class=\"loading-container results\"><\/div>\n\t\t\t<div id=\"responseAwards\">\n\t\t\t\t\n\t\t<div class=\"awards-item\">\n\t\t\t<div class=\"awards-item__image\">\n\t\t\t\t\t\t\t\t\t<img\n\t\t\t\t\t\talt=\"Villa Alvor Singular Alicante Bouschet\"\n\t\t\t\t\t\tsrc=\"https:\/\/villaalvor.pt\/wp-content\/uploads\/2024\/02\/va-alicante-bouschet-destaque.webp\" \/>\n\t\t\t\t\t\t\t<\/div>\n\n\t\t\t<div class=\"awards-item__description\">\n\t\t\t\t<p class='awards-item__year'>\n\t\t\t\t\t2018\t\t\t\t<\/p>\n\n\t\t\t\t<h3 class='awards-item__title'>\n\t\t\t\t\tRevista Escan\u00e7\u00e3o\t\t\t\t<\/h3>\n\n\t\t\t\t<p class='awards-item__points'>\n\t\t\t\t\t91 points\t\t\t\t<\/p>\n\n\t\t\t\t<p class='awards-item__name'>\n\t\t\t\t\tVilla Alvor Singular Alicante Bouschet\t\t\t\t<\/p>\n\t\t\t<\/div>\n\t\t<\/div>\n\n\t\n\t\t<div class=\"awards-item\">\n\t\t\t<div class=\"awards-item__image\">\n\t\t\t\t\t\t\t\t\t<img\n\t\t\t\t\t\talt=\"Villa Alvor Colheita Red Wine\"\n\t\t\t\t\t\tsrc=\"https:\/\/villaalvor.pt\/wp-content\/uploads\/2020\/05\/va-tinto-1-1.webp\" \/>\n\t\t\t\t\t\t\t<\/div>\n\n\t\t\t<div class=\"awards-item__description\">\n\t\t\t\t<p class='awards-item__year'>\n\t\t\t\t\t2023\t\t\t\t<\/p>\n\n\t\t\t\t<h3 class='awards-item__title'>\n\t\t\t\t\tWine Enthusiast\t\t\t\t<\/h3>\n\n\t\t\t\t<p class='awards-item__points'>\n\t\t\t\t\tBest Buy\t\t\t\t<\/p>\n\n\t\t\t\t<p class='awards-item__name'>\n\t\t\t\t\tVilla Alvor Colheita Red Wine\t\t\t\t<\/p>\n\t\t\t<\/div>\n\t\t<\/div>\n\n\t\n\t\t<div class=\"awards-item\">\n\t\t\t<div class=\"awards-item__image\">\n\t\t\t\t\t\t\t\t\t<img\n\t\t\t\t\t\talt=\"Villa Alvor Colheita Ros\u00e9\"\n\t\t\t\t\t\tsrc=\"https:\/\/villaalvor.pt\/wp-content\/uploads\/2020\/05\/va-rose-2.webp\" \/>\n\t\t\t\t\t\t\t<\/div>\n\n\t\t\t<div class=\"awards-item__description\">\n\t\t\t\t<p class='awards-item__year'>\n\t\t\t\t\t2019\t\t\t\t<\/p>\n\n\t\t\t\t<h3 class='awards-item__title'>\n\t\t\t\t\tConcurso de Vinhos do Algarve\t\t\t\t<\/h3>\n\n\t\t\t\t<p class='awards-item__points'>\n\t\t\t\t\tSilver Medal\t\t\t\t<\/p>\n\n\t\t\t\t<p class='awards-item__name'>\n\t\t\t\t\tVilla Alvor Colheita Ros\u00e9\t\t\t\t<\/p>\n\t\t\t<\/div>\n\t\t<\/div>\n\n\t\n\t\t<div class=\"awards-item\">\n\t\t\t<div class=\"awards-item__image\">\n\t\t\t\t\t\t\t\t\t<img\n\t\t\t\t\t\talt=\"Villa Alvor Colheita Ros\u00e9\"\n\t\t\t\t\t\tsrc=\"https:\/\/villaalvor.pt\/wp-content\/uploads\/2020\/05\/va-rose-2.webp\" \/>\n\t\t\t\t\t\t\t<\/div>\n\n\t\t\t<div class=\"awards-item__description\">\n\t\t\t\t<p class='awards-item__year'>\n\t\t\t\t\t2020\t\t\t\t<\/p>\n\n\t\t\t\t<h3 class='awards-item__title'>\n\t\t\t\t\tWine Enthusiast\t\t\t\t<\/h3>\n\n\t\t\t\t<p class='awards-item__points'>\n\t\t\t\t\tBest Buy\t\t\t\t<\/p>\n\n\t\t\t\t<p class='awards-item__name'>\n\t\t\t\t\tVilla Alvor Colheita Ros\u00e9\t\t\t\t<\/p>\n\t\t\t<\/div>\n\t\t<\/div>\n\n\t\n\t\t\t<\/div>\n\n\t\t\t\t\t\t\t<div class=\"awards-link\">\n\t\t\t\t\t<div class=\"loading-container on-click\"><\/div>\n\t\t\t\t\t<button\n\t\t\t\t\t\tclass=\"btn btn--outline-gold\"\n\t\t\t\t\t\tid=\"load-more\">\n\t\t\t\t\t\tView More\n\t\t\t\t\t\t<i class=\"icon icon-arrow-down\"><\/i>\n\t\t\t\t\t<\/button>\n\t\t\t\t<\/div>\n\t\t\t\t\t<\/div>\n\t<\/div>\n\t<script>\n\t\t(function($) {\n\t\t\t$(document).ready(function() {\n\t\t\t\t$(document).on('change', '#filterAwards', function(e) {\n\t\t\t\t\te.preventDefault();\n\t\t\t\t\t$(\".loading-container.results\").show();\n\t\t\t\t\t$(\"#responseAwards\").hide();\n\t\t\t\t\tvar wine_id = $(this).find('[name=\"wine_id\"]').val();\n\t\t\t\t\tvar year = $(this).find('[name=\"year\"]').val();\n\n\t\t\t\t\t$.ajax({\n\t\t\t\t\t\turl: \"\/wp-admin\/admin-ajax.php\",\n\t\t\t\t\t\tdata: {\n\t\t\t\t\t\t\taction: 'filter_awards',\n\t\t\t\t\t\t\twine_id: wine_id,\n\t\t\t\t\t\t\tyear: year\n\t\t\t\t\t\t},\n\t\t\t\t\t\ttype: 'post',\n\t\t\t\t\t\tsuccess: function(result) {\n\t\t\t\t\t\t\t$('#responseAwards').html(result);\n\t\t\t\t\t\t\t$(\".loading-container.results\").hide();\n\t\t\t\t\t\t\t$(\"#responseAwards\").show();\n\t\t\t\t\t\t},\n\t\t\t\t\t\terror: function(result) {\n\t\t\t\t\t\t\tconsole.warn(result);\n\t\t\t\t\t\t}\n\t\t\t\t\t});\n\t\t\t\t});\n\t\t\t});\n\n\t\t\t$currentPage = 1;\n\n\t\t\t$('#load-more').on('click', function() {\n\t\t\t\t$(\".loading-container.on-click\").show();\n\t\t\t\tvar wine_id = $(this).find('[name=\"wine_id\"]').val();\n\t\t\t\tvar year = $(this).find('[name=\"year\"]').val();\n\t\t\t\t$currentPage++;\n\t\t\t\t$.ajax({\n\t\t\t\t\ttype: 'POST',\n\t\t\t\t\turl: '\/wp-admin\/admin-ajax.php',\n\t\t\t\t\tdataType: 'html',\n\t\t\t\t\tdata: {\n\t\t\t\t\t\taction: 'filter_awards',\n\t\t\t\t\t\tpaged: $currentPage,\n\t\t\t\t\t\twine_id: wine_id,\n\t\t\t\t\t\tyear: year\n\t\t\t\t\t},\n\t\t\t\t\tsuccess: function(res) {\n\t\t\t\t\t\tif (!res) {\n\t\t\t\t\t\t\t$(\"#load-more\").fadeOut();\n\t\t\t\t\t\t\tres = \"Sem resultados a mostrar\";\n\t\t\t\t\t\t}\n\n\t\t\t\t\t\t$('#responseAwards').append(res);\n\t\t\t\t\t\t$(\".loading-container.on-click\").hide();\n\t\t\t\t\t}\n\t\t\t\t});\n\t\t\t});\n\t\t})(jQuery);\n\t<\/script>\n\n\t<\/div>\n\t\t\t\t\t\t<\/div>\n\t\t\t\t<\/div>\n\t\t\t\t\t<\/div>\n\t\t<\/div>\n\t\t\t\t\t<\/div>\n\t\t<\/section>\n\t\t\t\t<section class=\"elementor-section elementor-top-section elementor-element elementor-element-6fd1535 elementor-section-content-middle elementor-reverse-mobile elementor-section-stretched elementor-section-height-min-height custom-overlay elementor-section-boxed elementor-section-height-default elementor-section-items-middle sc_fly_static\" data-id=\"6fd1535\" data-element_type=\"section\" data-settings=\"{&quot;background_background&quot;:&quot;classic&quot;,&quot;stretch_section&quot;:&quot;section-stretched&quot;}\">\n\t\t\t\t\t\t\t<div class=\"elementor-background-overlay\"><\/div>\n\t\t\t\t\t\t\t<div class=\"elementor-container elementor-column-gap-default\">\n\t\t\t\t\t<div class=\"elementor-column elementor-col-100 elementor-top-column elementor-element elementor-element-1bbd28c sc_inner_width_none sc_content_align_inherit sc_layouts_column_icons_position_left sc_fly_static\" data-id=\"1bbd28c\" data-element_type=\"column\">\n\t\t\t<div class=\"elementor-widget-wrap elementor-element-populated\">\n\t\t\t\t\t\t<div class=\"elementor-element elementor-element-5ed6725 c-white sc_fly_static elementor-widget elementor-widget-text-editor\" data-id=\"5ed6725\" data-element_type=\"widget\" data-widget_type=\"text-editor.default\">\n\t\t\t\t<div class=\"elementor-widget-container\">\n\t\t\t\t\t\t\t\t\t<p>Vinhos<\/p>\t\t\t\t\t\t\t\t<\/div>\n\t\t\t\t<\/div>\n\t\t\t\t<div class=\"elementor-element elementor-element-594ea23 h1 sc_fly_static elementor-widget elementor-widget-heading\" data-id=\"594ea23\" data-element_type=\"widget\" data-widget_type=\"heading.default\">\n\t\t\t\t<div class=\"elementor-widget-container\">\n\t\t\t\t\t<h2 class=\"elementor-heading-title elementor-size-default\">Vinhos que refletem a ess\u00eancia algarvia<\/h2>\t\t\t\t<\/div>\n\t\t\t\t<\/div>\n\t\t\t\t<div class=\"elementor-element elementor-element-e019c3c custom-btn-white elementor-align-center sc_fly_static elementor-widget elementor-widget-button\" data-id=\"e019c3c\" data-element_type=\"widget\" data-widget_type=\"button.default\">\n\t\t\t\t<div class=\"elementor-widget-container\">\n\t\t\t\t\t\t\t\t\t<div class=\"elementor-button-wrapper\">\n\t\t\t\t\t<a class=\"elementor-button elementor-button-link elementor-size-sm\" href=\"\/vinhos\/\">\n\t\t\t\t\t\t<span class=\"elementor-button-content-wrapper\">\n\t\t\t\t\t\t<span class=\"elementor-button-icon\">\n\t\t\t\t<svg xmlns=\"http:\/\/www.w3.org\/2000\/svg\" width=\"24\" height=\"24\" viewBox=\"0 0 24 24\" fill=\"none\"><path fill-rule=\"evenodd\" clip-rule=\"evenodd\" d=\"M14.6053 6.10529C14.6053 9.08472 17.0206 11.5 20 11.5V12.5C17.0206 12.5 14.6053 14.9153 14.6053 17.8948H13.6053C13.6053 15.6273 14.7854 13.6355 16.5649 12.5H4V11.5H16.5649C14.7854 10.3645 13.6053 8.37273 13.6053 6.10529H14.6053Z\" fill=\"#BC955C\"><\/path><\/svg>\t\t\t<\/span>\n\t\t\t\t\t\t\t\t\t<span class=\"elementor-button-text\">Vinhos<\/span>\n\t\t\t\t\t<\/span>\n\t\t\t\t\t<\/a>\n\t\t\t\t<\/div>\n\t\t\t\t\t\t\t\t<\/div>\n\t\t\t\t<\/div>\n\t\t\t\t\t<\/div>\n\t\t<\/div>\n\t\t\t\t\t<\/div>\n\t\t<\/section>\n\t\t\t\t<\/div>\n\t\t","protected":false},"excerpt":{"rendered":"<p>Pr\u00e9mios A distin\u00e7\u00e3o dos vinhos Villa Alvor em concursos nacionais e internacionais \u00e9 um reconhecimento da sua qualidade. Vinhos Vinhos que refletem a ess\u00eancia algarvia Vinhos<\/p>\n","protected":false},"author":1,"featured_media":0,"parent":0,"menu_order":4,"comment_status":"closed","ping_status":"closed","template":"","meta":{"footnotes":""},"class_list":["post-24213","page","type-page","status-publish","hentry"],"acf":[],"aioseo_notices":[],"_links":{"self":[{"href":"https:\/\/villaalvor.pt\/en\/wp-json\/wp\/v2\/pages\/24213","targetHints":{"allow":["GET"]}}],"collection":[{"href":"https:\/\/villaalvor.pt\/en\/wp-json\/wp\/v2\/pages"}],"about":[{"href":"https:\/\/villaalvor.pt\/en\/wp-json\/wp\/v2\/types\/page"}],"author":[{"embeddable":true,"href":"https:\/\/villaalvor.pt\/en\/wp-json\/wp\/v2\/users\/1"}],"replies":[{"embeddable":true,"href":"https:\/\/villaalvor.pt\/en\/wp-json\/wp\/v2\/comments?post=24213"}],"version-history":[{"count":0,"href":"https:\/\/villaalvor.pt\/en\/wp-json\/wp\/v2\/pages\/24213\/revisions"}],"wp:attachment":[{"href":"https:\/\/villaalvor.pt\/en\/wp-json\/wp\/v2\/media?parent=24213"}],"curies":[{"name":"wp","href":"https:\/\/api.w.org\/{rel}","templated":true}]}}